{"id":20,"date":"2024-05-17T09:38:30","date_gmt":"2024-05-17T07:38:30","guid":{"rendered":"https:\/\/atelier-stmartial.restaurant\/?page_id=20"},"modified":"2024-06-19T15:49:46","modified_gmt":"2024-06-19T13:49:46","slug":"accueil","status":"publish","type":"page","link":"https:\/\/atelier-stmartial.restaurant\/","title":{"rendered":"Accueil"},"content":{"rendered":"<div class=\"wpb-content-wrapper\"><p>[vc_row][vc_column width=\u00a0\u00bb1\/4&Prime; mobile_width=\u00a0\u00bbhide\u00a0\u00bb css=\u00a0\u00bb.vc_custom_1718803009706{background-image: url(https:\/\/atelier-stmartial.restaurant\/wp-content\/uploads\/2024\/05\/logo-atelier.png?id=22) !important;background-position: center !important;background-repeat: no-repeat !important;background-size: contain !important;}\u00a0\u00bb][vc_empty_space height=\u00a0\u00bb550px\u00a0\u00bb][\/vc_column][vc_column width=\u00a0\u00bb3\/4&Prime;]<div class=\"eut-element eut-slogan eut-align-left eut-animated-item eut-fadeIn\" style=\"\" data-delay=\"200\"><h3 class=\"eut-slogan-title eut-align-left eut-title-no-line\"><span>L\u2019Atelier \u00e0 Saint-Martial<\/span><\/h3>  <p class=\"eut-leader-text\">C&rsquo;est dans un village atypique, nich\u00e9 dans les C\u00e9vennes que la famille Sauzet vous accueillera avec son \u00e9quipe pour vous proposer une cuisine locale et g\u00e9n\u00e9reuse issue de notre propre production agricole.<br \/>\nFils d\u2019agriculteur, le go\u00fbt de la terre m\u2019a amen\u00e9 \u00e0 mes d\u00e9buts de la restauration \u00e0 N\u00eemes o\u00f9 j\u2019ai travaill\u00e9 chez un ancien compagnon Martial Hocquart. J\u2019ai ensuite \u00e9volu\u00e9 au c\u00f4t\u00e9 de J\u00e9rome Billod-Morel avant de partir travailler pour la Su\u00e8de, le Luxembourg et la Suisse.<br \/>\nApr\u00e8s ce tour culinaire j\u2019ai repris l\u2019exploitation familiale pour la p\u00e9renniser, la rendre meilleure. A pr\u00e9sent je suis \u00e0 la fois mara\u00eecher 4 saisons en agriculture biologique, une partie arboricole diversifi\u00e9e et j\u2019ai maintenu l\u2019AOC de la culture de l\u2019oignon doux des C\u00e9vennes. Depuis mon retour de l\u2019\u00e9tranger 8 ann\u00e9es se sont \u00e9coul\u00e9es et c\u2019est en 2023 qu\u2019a vu na\u00eetre le projet du restaurant. Je vous propose ici une cuisine de terroir ax\u00e9e sur le plan v\u00e9g\u00e9tal o\u00f9 je vous fait d\u00e9couvrir les plaisirs de la gastronomie dans un environnement agr\u00e9able.<\/p>\n<p><\/p><\/div>[\/vc_column][\/vc_row][vc_row][vc_column]<div class=\"eut-element eut-hr \" style=\"padding-top: 50px;padding-bottom: 50px;\"><div class=\"eut-line-divider\"><\/div><\/div>[\/vc_column][\/vc_row][vc_row][vc_column]<h3 class=\"eut-element eut-align-center eut-title-no-line eut-animated-item eut-fadeIn\" style=\"\" data-delay=\"200\"><span>Cuisine \u00e9volutive au gr\u00e8s des saisons<\/span><\/h3>[\/vc_column][\/vc_row][vc_row][vc_column width=\u00a0\u00bb1\/3&Prime;]<div class=\"eut-element eut-image eut-animated-item eut-fadeInUp eut-align-center\" style=\"\" data-delay=\"200\"><img loading=\"lazy\" decoding=\"async\" width=\"600\" height=\"600\" src=\"https:\/\/atelier-stmartial.restaurant\/wp-content\/uploads\/2024\/05\/363719102_133131526498750_3787532315391569846_n-600x600.jpg\" class=\"attachment-eut-image-small-square size-eut-image-small-square\" alt=\"Farandolle de courgettes, maki au fromage frais, courgettes po\u00eal\u00e9es, pickles et courgettes pan\u00e9es, sauce chimichurri\" srcset=\"https:\/\/atelier-stmartial.restaurant\/wp-content\/uploads\/2024\/05\/363719102_133131526498750_3787532315391569846_n-600x600.jpg 600w, https:\/\/atelier-stmartial.restaurant\/wp-content\/uploads\/2024\/05\/363719102_133131526498750_3787532315391569846_n-150x150.jpg 150w, https:\/\/atelier-stmartial.restaurant\/wp-content\/uploads\/2024\/05\/363719102_133131526498750_3787532315391569846_n-300x300.jpg 300w, https:\/\/atelier-stmartial.restaurant\/wp-content\/uploads\/2024\/05\/363719102_133131526498750_3787532315391569846_n-100x100.jpg 100w\" sizes=\"auto, (max-width: 600px) 100vw, 600px\" \/><\/div>[\/vc_column][vc_column width=\u00a0\u00bb1\/3&Prime;]<div class=\"eut-element eut-image eut-animated-item eut-fadeInUp eut-align-center\" style=\"\" data-delay=\"200\"><img loading=\"lazy\" decoding=\"async\" width=\"600\" height=\"600\" src=\"https:\/\/atelier-stmartial.restaurant\/wp-content\/uploads\/2024\/05\/371767686_152381601240409_3799135753820788002_n-600x600.jpg\" class=\"attachment-eut-image-small-square size-eut-image-small-square\" alt=\"Tartelette saison, tomates cuites et jardini\u00e8re de l\u00e9gumes frais\" srcset=\"https:\/\/atelier-stmartial.restaurant\/wp-content\/uploads\/2024\/05\/371767686_152381601240409_3799135753820788002_n-600x600.jpg 600w, https:\/\/atelier-stmartial.restaurant\/wp-content\/uploads\/2024\/05\/371767686_152381601240409_3799135753820788002_n-300x300.jpg 300w, https:\/\/atelier-stmartial.restaurant\/wp-content\/uploads\/2024\/05\/371767686_152381601240409_3799135753820788002_n-1024x1024.jpg 1024w, https:\/\/atelier-stmartial.restaurant\/wp-content\/uploads\/2024\/05\/371767686_152381601240409_3799135753820788002_n-150x150.jpg 150w, https:\/\/atelier-stmartial.restaurant\/wp-content\/uploads\/2024\/05\/371767686_152381601240409_3799135753820788002_n-768x768.jpg 768w, https:\/\/atelier-stmartial.restaurant\/wp-content\/uploads\/2024\/05\/371767686_152381601240409_3799135753820788002_n-100x100.jpg 100w, https:\/\/atelier-stmartial.restaurant\/wp-content\/uploads\/2024\/05\/371767686_152381601240409_3799135753820788002_n.jpg 1080w\" sizes=\"auto, (max-width: 600px) 100vw, 600px\" \/><\/div>[\/vc_column][vc_column width=\u00a0\u00bb1\/3&Prime;]<div class=\"eut-element eut-image eut-animated-item eut-fadeInUp eut-align-center\" style=\"\" data-delay=\"200\"><img loading=\"lazy\" decoding=\"async\" width=\"500\" height=\"500\" src=\"https:\/\/atelier-stmartial.restaurant\/wp-content\/uploads\/2024\/06\/plat1.jpg\" class=\"attachment-eut-image-small-square size-eut-image-small-square\" alt=\"Bavaroise asperges, cr\u00e8me safran\u00e9e, sabl\u00e9s au parmesan\" srcset=\"https:\/\/atelier-stmartial.restaurant\/wp-content\/uploads\/2024\/06\/plat1.jpg 500w, https:\/\/atelier-stmartial.restaurant\/wp-content\/uploads\/2024\/06\/plat1-300x300.jpg 300w, https:\/\/atelier-stmartial.restaurant\/wp-content\/uploads\/2024\/06\/plat1-150x150.jpg 150w, https:\/\/atelier-stmartial.restaurant\/wp-content\/uploads\/2024\/06\/plat1-100x100.jpg 100w\" sizes=\"auto, (max-width: 500px) 100vw, 500px\" \/><\/div>[\/vc_column][\/vc_row][vc_row][vc_column]<div class=\"eut-element eut-hr \" style=\"padding-top: 50px;padding-bottom: 50px;\"><div class=\"eut-line-divider\"><\/div><\/div>[\/vc_column][\/vc_row][vc_row][vc_column]<div class=\"eut-element eut-callout eut-animated-item eut-fadeIn eut-btn-right\" style=\"\">  <div class=\"eut-callout-wrapper\"><h3 class=\"eut-callout-content\">Vous voulez r\u00e9server ?<\/h3>    <p class=\"eut-leader-text\">Restaurant de saison, fermeture annuelle du 1er novembre au 31 mars.<br \/>\nLocation de salle de caract\u00e8re et de repas disponible.<\/p>  <\/div>  <div class=\"eut-button-wrapper\"><a class=\"eut-btn eut-btn-large eut-round eut-bg-primary-1\" href=\"tel:0766166176\" target=\"_self\" style=\"\"><span>Appelez-nous !<\/span><\/a>  <\/div><\/div>[\/vc_column][\/vc_row]<\/p>\n<\/div>","protected":false},"excerpt":{"rendered":"<p>[vc_row][vc_column width=\u00a0\u00bb1\/4&Prime; mobile_width=\u00a0\u00bbhide\u00a0\u00bb css=\u00a0\u00bb.vc_custom_1718803009706{background-image: url(https:\/\/atelier-stmartial.restaurant\/wp-content\/uploads\/2024\/05\/logo-atelier.png?id=22) !important;background-position: center !important;background-repeat: no-repeat !important;background-size: contain !important;}\u00a0\u00bb][vc_empty_space height=\u00a0\u00bb550px\u00a0\u00bb][\/vc_column][vc_column width=\u00a0\u00bb3\/4&Prime;][\/vc_column][\/vc_row][vc_row][vc_column][\/vc_column][\/vc_row][vc_row][vc_column][\/vc_column][\/vc_row][vc_row][vc_column width=\u00a0\u00bb1\/3&Prime;][\/vc_column][vc_column width=\u00a0\u00bb1\/3&Prime;][\/vc_column][vc_column width=\u00a0\u00bb1\/3&Prime;][\/vc_column][\/vc_row][vc_row][vc_column][\/vc_column][\/vc_row][vc_row][vc_column][\/vc_column][\/vc_row]<\/p>\n","protected":false},"author":2,"featured_media":0,"parent":0,"menu_order":0,"comment_status":"closed","ping_status":"closed","template":"","meta":{"footnotes":""},"class_list":["post-20","page","type-page","status-publish","hentry"],"jetpack_sharing_enabled":true,"_links":{"self":[{"href":"https:\/\/atelier-stmartial.restaurant\/index.php\/wp-json\/wp\/v2\/pages\/20","targetHints":{"allow":["GET"]}}],"collection":[{"href":"https:\/\/atelier-stmartial.restaurant\/index.php\/wp-json\/wp\/v2\/pages"}],"about":[{"href":"https:\/\/atelier-stmartial.restaurant\/index.php\/wp-json\/wp\/v2\/types\/page"}],"author":[{"embeddable":true,"href":"https:\/\/atelier-stmartial.restaurant\/index.php\/wp-json\/wp\/v2\/users\/2"}],"replies":[{"embeddable":true,"href":"https:\/\/atelier-stmartial.restaurant\/index.php\/wp-json\/wp\/v2\/comments?post=20"}],"version-history":[{"count":14,"href":"https:\/\/atelier-stmartial.restaurant\/index.php\/wp-json\/wp\/v2\/pages\/20\/revisions"}],"predecessor-version":[{"id":140,"href":"https:\/\/atelier-stmartial.restaurant\/index.php\/wp-json\/wp\/v2\/pages\/20\/revisions\/140"}],"wp:attachment":[{"href":"https:\/\/atelier-stmartial.restaurant\/index.php\/wp-json\/wp\/v2\/media?parent=20"}],"curies":[{"name":"wp","href":"https:\/\/api.w.org\/{rel}","templated":true}]}}